{"id":112742,"date":"2025-06-18T14:48:27","date_gmt":"2025-06-18T12:48:27","guid":{"rendered":"https:\/\/www.resolfin.com\/?page_id=112742"},"modified":"2025-08-05T09:35:34","modified_gmt":"2025-08-05T07:35:34","slug":"resolgreen","status":"publish","type":"page","link":"https:\/\/www.resolfin.com\/en\/resolgreen","title":{"rendered":"Resolgreen"},"content":{"rendered":"<div data-elementor-type=\"wp-page\" data-elementor-id=\"112742\" class=\"elementor elementor-112742\">\n\t\t\t\t\t\t<div class=\"elementor-section elementor-top-section elementor-element elementor-element-1ccd4a7 elementor-section-stretched elementor-section-boxed elementor-section-height-default elementor-section-height-default\" data-id=\"1ccd4a7\" data-element_type=\"section\" data-settings=\"{&quot;stretch_section&quot;:&quot;section-stretched&quot;}\">\n\t\t\t\t\t\t<div class=\"elementor-container elementor-column-gap-no\">\n\t\t\t\t\t<div class=\"elementor-column elementor-col-50 elementor-top-column elementor-element elementor-element-3e9504e elementor-invisible\" data-id=\"3e9504e\" data-element_type=\"column\" data-settings=\"{&quot;animation&quot;:&quot;fadeIn&quot;}\">\n\t\t\t<div class=\"elementor-widget-wrap elementor-element-populated\">\n\t\t\t\t\t\t<div class=\"elementor-element elementor-element-3eecd64 elementor-widget elementor-widget-heading\" data-id=\"3eecd64\" data-element_type=\"widget\" data-widget_type=\"heading.default\">\n\t\t\t\t<div class=\"elementor-widget-container\">\n\t\t\t\t\t<h1 class=\"elementor-heading-title elementor-size-default\">Resol<span style=\"color:#009945\">green<\/span><\/h1>\t\t\t\t<\/div>\n\t\t\t\t<\/div>\n\t\t\t\t<div class=\"elementor-element elementor-element-8f54992 elementor-widget elementor-widget-text-editor\" data-id=\"8f54992\" data-element_type=\"widget\" data-widget_type=\"text-editor.default\">\n\t\t\t\t<div class=\"elementor-widget-container\">\n\t\t\t\t\t\t\t\t\t<p>We believe thath every company should have its own social responsibility policy for the protection of the planet.<\/p><p>RESOLFIN, which has always been sensitive to the issue of eco-sustainability of products and the production and the production process, has identified six guidelines in the process and in the choice of materials to obtain a real line of eco-sustainable products and help the environment.<\/p>\t\t\t\t\t\t\t\t<\/div>\n\t\t\t\t<\/div>\n\t\t\t\t<div class=\"elementor-element elementor-element-1a9c0bd elementor-widget elementor-widget-text-editor\" data-id=\"1a9c0bd\" data-element_type=\"widget\" data-widget_type=\"text-editor.default\">\n\t\t\t\t<div class=\"elementor-widget-container\">\n\t\t\t\t\t\t\t\t\t<ol class=\"list_resolgreen\"><li>Using solar energy for production;<\/li><li>Purification and filtering of atmospheric emissions;<\/li><li>Production of flags using recycled (from pet) and recyclable polyester fabric;<\/li><li>Flags printing using 97% water-based ecofriendly inks;<\/li><li>Production of flagpoles and supports using aluminum and \/ or steel (100% recyclable);<\/li><li>We participate in the reforestation of the planet with a tree planted for each roll of ECO fabric used.<\/li><\/ol>\t\t\t\t\t\t\t\t<\/div>\n\t\t\t\t<\/div>\n\t\t\t\t\t<\/div>\n\t\t<\/div>\n\t\t\t\t<div class=\"elementor-column elementor-col-50 elementor-top-column elementor-element elementor-element-82ee677\" data-id=\"82ee677\" data-element_type=\"column\" data-settings=\"{&quot;background_background&quot;:&quot;classic&quot;}\">\n\t\t\t<div class=\"elementor-widget-wrap elementor-element-populated\">\n\t\t\t\t<div class=\"elementor-element elementor-element-a21d365 e-flex e-con-boxed e-con e-parent\" data-id=\"a21d365\" data-element_type=\"container\">\n\t\t\t\t\t<div class=\"e-con-inner\">\n\t\t\t\t<div class=\"elementor-element elementor-element-fdaeacd elementor-widget elementor-widget-image\" data-id=\"fdaeacd\" data-element_type=\"widget\" data-widget_type=\"image.default\">\n\t\t\t\t<div class=\"elementor-widget-container\">\n\t\t\t\t\t\t\t\t\t\t\t\t\t\t\t<img fetchpriority=\"high\" decoding=\"async\" width=\"988\" height=\"467\" src=\"https:\/\/www.resolfin.com\/wp-content\/uploads\/2023\/02\/Resolgreen-trasparente.png\" class=\"attachment-full size-full wp-image-98298\" alt=\"\" srcset=\"https:\/\/www.resolfin.com\/wp-content\/uploads\/2023\/02\/Resolgreen-trasparente.png 988w, https:\/\/www.resolfin.com\/wp-content\/uploads\/2023\/02\/Resolgreen-trasparente-300x142.png 300w, https:\/\/www.resolfin.com\/wp-content\/uploads\/2023\/02\/Resolgreen-trasparente-768x363.png 768w, https:\/\/www.resolfin.com\/wp-content\/uploads\/2023\/02\/Resolgreen-trasparente-450x213.png 450w, https:\/\/www.resolfin.com\/wp-content\/uploads\/2023\/02\/Resolgreen-trasparente-800x378.png 800w\" sizes=\"(max-width: 988px) 100vw, 988px\" \/>\t\t\t\t\t\t\t\t\t\t\t\t\t\t\t<\/div>\n\t\t\t\t<\/div>\n\t\t\t\t\t<\/div>\n\t\t\t\t<\/div>\n\t\t\t\t<div class=\"elementor-element elementor-element-e463225 elementor-widget elementor-widget-image\" data-id=\"e463225\" data-element_type=\"widget\" data-widget_type=\"image.default\">\n\t\t\t\t<div class=\"elementor-widget-container\">\n\t\t\t\t\t\t\t\t\t\t\t\t\t\t\t<img decoding=\"async\" width=\"361\" height=\"67\" src=\"https:\/\/www.resolfin.com\/wp-content\/uploads\/2025\/06\/legenda.png\" class=\"attachment-full size-full wp-image-112744\" alt=\"\" srcset=\"https:\/\/www.resolfin.com\/wp-content\/uploads\/2025\/06\/legenda.png 361w, https:\/\/www.resolfin.com\/wp-content\/uploads\/2025\/06\/legenda-300x56.png 300w\" sizes=\"(max-width: 361px) 100vw, 361px\" \/>\t\t\t\t\t\t\t\t\t\t\t\t\t\t\t<\/div>\n\t\t\t\t<\/div>\n\t\t\t\t\t<\/div>\n\t\t<\/div>\n\t\t\t\t\t<\/div>\n\t\t<\/div>\n\t\t<div class=\"elementor-element elementor-element-81ffb17 e-flex e-con-boxed e-con e-parent\" data-id=\"81ffb17\" data-element_type=\"container\">\n\t\t\t\t\t<div class=\"e-con-inner\">\n\t\t\t\t<div class=\"elementor-element elementor-element-df2479f elementor-widget elementor-widget-image\" data-id=\"df2479f\" data-element_type=\"widget\" data-widget_type=\"image.default\">\n\t\t\t\t<div class=\"elementor-widget-container\">\n\t\t\t\t\t\t\t\t\t\t\t\t\t\t\t<img decoding=\"async\" width=\"1074\" height=\"233\" src=\"https:\/\/www.resolfin.com\/wp-content\/uploads\/2025\/08\/Banner-presentazione-azienda-green-1.png\" class=\"attachment-full size-full wp-image-116179\" alt=\"\" srcset=\"https:\/\/www.resolfin.com\/wp-content\/uploads\/2025\/08\/Banner-presentazione-azienda-green-1.png 1074w, https:\/\/www.resolfin.com\/wp-content\/uploads\/2025\/08\/Banner-presentazione-azienda-green-1-300x65.png 300w, https:\/\/www.resolfin.com\/wp-content\/uploads\/2025\/08\/Banner-presentazione-azienda-green-1-1024x222.png 1024w, https:\/\/www.resolfin.com\/wp-content\/uploads\/2025\/08\/Banner-presentazione-azienda-green-1-768x167.png 768w, https:\/\/www.resolfin.com\/wp-content\/uploads\/2025\/08\/Banner-presentazione-azienda-green-1-18x4.png 18w, https:\/\/www.resolfin.com\/wp-content\/uploads\/2025\/08\/Banner-presentazione-azienda-green-1-450x98.png 450w, https:\/\/www.resolfin.com\/wp-content\/uploads\/2025\/08\/Banner-presentazione-azienda-green-1-800x174.png 800w\" sizes=\"(max-width: 1074px) 100vw, 1074px\" \/>\t\t\t\t\t\t\t\t\t\t\t\t\t\t\t<\/div>\n\t\t\t\t<\/div>\n\t\t\t\t<div class=\"elementor-element elementor-element-ec6dd66 elementor-widget elementor-widget-text-editor\" data-id=\"ec6dd66\" data-element_type=\"widget\" data-widget_type=\"text-editor.default\">\n\t\t\t\t<div class=\"elementor-widget-container\">\n\t\t\t\t\t\t\t\t\t<p><strong>SHORT PRESENTATION OF RESOLFIN GREEN COMPANY<\/strong><\/p><p class=\"translation-block\">Resolfin is an eco-sustainable company, by product and production process, we are partners of <strong>Legambiente<\/strong> and <strong>La Nuova Ecologia<\/strong> for the study of innovative materials and processes with attention to environmental protection. We use fabrics produced from the recovery of plastics collected in the seas.<\/p><p class=\"translation-block\">With the innovative startup <em>Moorsimply<\/em> we have designed and patented an innovative electromechanical arm for mooring assistance for pleasure boats, which is expected to be launched in spring 2023 \u2013 <a href=\"https:\/\/www.moorsimply.com\/en\/\" target=\"_blank\">https:\/\/www.moorsimply.com\/en\/<\/a><\/p><p>Resolfin srl is a manufacturing company located in Pomezia (RM) and produces elements of visual communication, specifically flags on metal supports, banners and large format prints.<\/p><p>In a few years it has become a national leader in the sector, counting among its clients the Quirinale, the Chamber of Deputies, the Italian Navy, all Ministries, local authorities, international organizations such as FAO, NATO, the Red Cross as well as a series of prestigious companies national and international.<\/p><p class=\"translation-block\">From the beginning we have pursued two paths in company policy: Innovation and Eco-sustainability. Company video presentation: <a href=\"https:\/\/www.youtube.com\/watch?v=dvG9A9_XAWg\" target=\"_blank\">https:\/\/www.youtube.com\/watch?v=dvG9A9_XAWg<\/a><\/p><p>We believe that the values \u200b\u200bof eco-sustainability and environmental protection that surround us should not be \u201cexclusive\u201d to large companies and public entities, on the contrary, even small and medium-sized companies that represent the majority of the Italian productive fabric, a nation with a strong vocation manufacturing, should work towards the common goal of environmental protection.<\/p><p>Our development programs have been approved and supported by the European Union (<a href=\"https:\/\/www.resolfin.com\/en\/blog\/sostenibilita-a-marchio-resolfin\/\">https:\/\/www.resolfin.com\/blog\/sostenibilita-a-marchio-resolfin<\/a>) e (<a href=\"https:\/\/www.resolfin.com\/en\/progetto-cofinanziato-dallunione-europea\/\">https:\/\/www.resolfin.com\/progetto-cofinanziato-dallunione-europea<\/a>)<\/p><p>We were honored to be invited by Legambiente and actively participate in ECOFORUM 2022, to illustrate our commitment on the subject:\u00a0\u00a0<a href=\"https:\/\/www.youtube.com\/watch?v=5PO6x8WnAIg\">https:\/\/www.youtube.com\/watch?v=5PO6x8WnAIg<\/a><\/p><p><a href=\"https:\/\/www.resolfin.com\/en\/blog\/resolfin-alla-ix-edizione-dell-eco-forum-al-fianco-di-legambiente\/\">https:\/\/www.resolfin.com\/blog\/resolfin-alla-ix-edizione-dell-eco-forum-al-fianco-di-legambiente<\/a><\/p><p>Even the national press is interested in our product born from the recycling of plastics recovered at sea:\u00a0<a href=\"https:\/\/www.corriere.it\/economia\/aziende\/22_settembre_24\/resolfin-bandiere-le-navi-ottenute-plastica-riciclata-mare-5a37f4a4-3b55-11ed-8e93-4aa9ade4f3e7.shtml\" data-cmp-ab=\"2\">https:\/\/www.corriere.it\/economia\/aziende\/22_settembre_24\/resolfin-bandiere-le-navi-ottenute-plastica-riciclata-mare-5a37f4a4-3b55-11ed-8e93-4aa9ade4f3e7.shtml<\/a>\u00a0 \u2013\u00a0\u00a0\u00a0<a href=\"https:\/\/www.lanuovaecologia.it\/le-bandiere-dal-sole\/\" data-cmp-ab=\"2\">https:\/\/www.lanuovaecologia.it\/le-bandiere-dal-sole\/<\/a><\/p><p class=\"translation-block\">For some time now, we have been offering our customers eco-sustainable flags printed on a fabric made from recycled PET (used plastic bottles), while since 2022, the ONLY Italian company, we have introduced the <strong>BLUBANNER<\/strong>, a fabric obtained 62% from the recycling of plastics recovered at sea from Seaqual (<a href=\"https:\/\/www.youtube.com\/watch?v=rT6faJ47B1M\" target=\"_blank\">https:\/\/www.youtube.com\/watch?v=rT6faJ47B1M<\/a>), and the remaining 38% from pet recycling.<\/p><p>Our entire production process takes place in complete energy independence thanks to a 50 Kw photovoltaic system installed in 2015 with a favorable impact on the costs associated with electricity, which is particularly salty in this historical period, this demonstrates that a prudent investment to protect he environment does not weigh on the business economy, on the contrary it brings great benefits.<\/p><p>Resolfin is currently testing and proposing packaging solutions in ecological fabric that can later become objects for everyday life, reducing the impact of packaging and pursuing research from a circular economy perspective.<\/p>\t\t\t\t\t\t\t\t<\/div>\n\t\t\t\t<\/div>\n\t\t\t\t\t<\/div>\n\t\t\t\t<\/div>\n\t\t\t\t<\/div>","protected":false},"excerpt":{"rendered":"<p>Resolgreen Crediamo che ogni azienda dovrebbe avere una propria politica di responsabilit\u00e0 sociale per la salvaguardia del pianeta. RESOLFIN, che da sempre \u00e8 sensibile al tema della eco-sostenibilit\u00e0 dei prodotti e del processo produttivo, ha individuato sei linee guida nel processo e nella scelta dei materiali per ottenere una reale linea di prodotti eco-sostenibili e [&hellip;]<\/p>","protected":false},"author":1,"featured_media":98298,"parent":0,"menu_order":0,"comment_status":"closed","ping_status":"closed","template":"template-homepage.php","meta":{"_acf_changed":false,"_sitemap_exclude":false,"_sitemap_priority":"","_sitemap_frequency":"","footnotes":""},"class_list":["post-112742","page","type-page","status-publish","has-post-thumbnail","hentry"],"acf":[],"yoast_head":"<!-- This site is optimized with the Yoast SEO plugin v26.4 - https:\/\/yoast.com\/wordpress\/plugins\/seo\/ -->\n<title>Resolgreen - Resolfin: vendita e produzione bandiere e pennoni<\/title>\n<meta name=\"description\" content=\"Resolgreen. Resolfin produzione e vendita di bandiere e pennoni di alta qualit\u00e0.\" \/>\n<meta name=\"robots\" content=\"index, follow, max-snippet:-1, max-image-preview:large, max-video-preview:-1\" \/>\n<link rel=\"canonical\" href=\"https:\/\/www.resolfin.com\/en\/resolgreen\" \/>\n<meta property=\"og:locale\" content=\"en_GB\" \/>\n<meta property=\"og:type\" content=\"article\" \/>\n<meta property=\"og:title\" content=\"Resolgreen - Resolfin: vendita e produzione bandiere e pennoni\" \/>\n<meta property=\"og:description\" content=\"Resolgreen. Resolfin produzione e vendita di bandiere e pennoni di alta qualit\u00e0.\" \/>\n<meta property=\"og:url\" content=\"https:\/\/www.resolfin.com\/en\/resolgreen\" \/>\n<meta property=\"og:site_name\" content=\"Resolfin: vendita e produzione bandiere e pennoni\" \/>\n<meta property=\"article:publisher\" content=\"https:\/\/www.facebook.com\/resolfinbandiere\/\" \/>\n<meta property=\"article:modified_time\" content=\"2025-08-05T07:35:34+00:00\" \/>\n<meta property=\"og:image\" content=\"https:\/\/www.resolfin.com\/wp-content\/uploads\/2023\/02\/Resolgreen-trasparente.png\" \/>\n\t<meta property=\"og:image:width\" content=\"988\" \/>\n\t<meta property=\"og:image:height\" content=\"467\" \/>\n\t<meta property=\"og:image:type\" content=\"image\/png\" \/>\n<meta name=\"twitter:card\" content=\"summary_large_image\" \/>\n<meta name=\"twitter:site\" content=\"@resolfin_\" \/>\n<meta name=\"twitter:label1\" content=\"Estimated reading time\" \/>\n\t<meta name=\"twitter:data1\" content=\"4 minutes\" \/>\n<script type=\"application\/ld+json\" class=\"yoast-schema-graph\">{\"@context\":\"https:\/\/schema.org\",\"@graph\":[{\"@type\":\"WebPage\",\"@id\":\"https:\/\/www.resolfin.com\/resolgreen\",\"url\":\"https:\/\/www.resolfin.com\/resolgreen\",\"name\":\"Resolgreen - Resolfin: vendita e produzione bandiere e pennoni\",\"isPartOf\":{\"@id\":\"https:\/\/www.resolfin.com\/#website\"},\"primaryImageOfPage\":{\"@id\":\"https:\/\/www.resolfin.com\/resolgreen#primaryimage\"},\"image\":{\"@id\":\"https:\/\/www.resolfin.com\/resolgreen#primaryimage\"},\"thumbnailUrl\":\"https:\/\/www.resolfin.com\/wp-content\/uploads\/2023\/02\/Resolgreen-trasparente.png\",\"datePublished\":\"2025-06-18T12:48:27+00:00\",\"dateModified\":\"2025-08-05T07:35:34+00:00\",\"description\":\"Resolgreen. Resolfin produzione e vendita di bandiere e pennoni di alta qualit\u00e0.\",\"breadcrumb\":{\"@id\":\"https:\/\/www.resolfin.com\/resolgreen#breadcrumb\"},\"inLanguage\":\"en-GB\",\"potentialAction\":[{\"@type\":\"ReadAction\",\"target\":[\"https:\/\/www.resolfin.com\/resolgreen\"]}]},{\"@type\":\"ImageObject\",\"inLanguage\":\"en-GB\",\"@id\":\"https:\/\/www.resolfin.com\/resolgreen#primaryimage\",\"url\":\"https:\/\/www.resolfin.com\/wp-content\/uploads\/2023\/02\/Resolgreen-trasparente.png\",\"contentUrl\":\"https:\/\/www.resolfin.com\/wp-content\/uploads\/2023\/02\/Resolgreen-trasparente.png\",\"width\":988,\"height\":467},{\"@type\":\"BreadcrumbList\",\"@id\":\"https:\/\/www.resolfin.com\/resolgreen#breadcrumb\",\"itemListElement\":[{\"@type\":\"ListItem\",\"position\":1,\"name\":\"Home\",\"item\":\"https:\/\/www.resolfin.com\/\"},{\"@type\":\"ListItem\",\"position\":2,\"name\":\"Resolgreen\"}]},{\"@type\":\"WebSite\",\"@id\":\"https:\/\/www.resolfin.com\/#website\",\"url\":\"https:\/\/www.resolfin.com\/\",\"name\":\"Resolfin: vendita e produzione bandiere e pennoni\",\"description\":\"vendita e produzione bandiere e pennoni\",\"publisher\":{\"@id\":\"https:\/\/www.resolfin.com\/#organization\"},\"potentialAction\":[{\"@type\":\"SearchAction\",\"target\":{\"@type\":\"EntryPoint\",\"urlTemplate\":\"https:\/\/www.resolfin.com\/?s={search_term_string}\"},\"query-input\":{\"@type\":\"PropertyValueSpecification\",\"valueRequired\":true,\"valueName\":\"search_term_string\"}}],\"inLanguage\":\"en-GB\"},{\"@type\":\"Organization\",\"@id\":\"https:\/\/www.resolfin.com\/#organization\",\"name\":\"Resolfin produzione bandiere\",\"url\":\"https:\/\/www.resolfin.com\/\",\"logo\":{\"@type\":\"ImageObject\",\"inLanguage\":\"en-GB\",\"@id\":\"https:\/\/www.resolfin.com\/#\/schema\/logo\/image\/\",\"url\":\"https:\/\/www.resolfin.com\/wp-content\/uploads\/2025\/06\/Logo-nuovo-trasparente-head.png\",\"contentUrl\":\"https:\/\/www.resolfin.com\/wp-content\/uploads\/2025\/06\/Logo-nuovo-trasparente-head.png\",\"width\":479,\"height\":142,\"caption\":\"Resolfin produzione bandiere\"},\"image\":{\"@id\":\"https:\/\/www.resolfin.com\/#\/schema\/logo\/image\/\"},\"sameAs\":[\"https:\/\/www.facebook.com\/resolfinbandiere\/\",\"https:\/\/x.com\/resolfin_\",\"https:\/\/www.instagram.com\/resolfin_bandiere\/\",\"https:\/\/www.linkedin.com\/company\/resolfin-srl\"]}]}<\/script>\n<!-- \/ Yoast SEO plugin. -->","yoast_head_json":{"title":"Resolfin at the 9th edition of the Eco-Forum alongside Legambiente - Resolfin: production and sales of flags and flagpoles","description":"Resolgreen. Resolfin produzione e vendita di bandiere e pennoni di alta qualit\u00e0.","robots":{"index":"index","follow":"follow","max-snippet":"max-snippet:-1","max-image-preview":"max-image-preview:large","max-video-preview":"max-video-preview:-1"},"canonical":"https:\/\/www.resolfin.com\/en\/resolgreen","og_locale":"en_GB","og_type":"article","og_title":"Resolgreen - Resolfin: vendita e produzione bandiere e pennoni","og_description":"Resolgreen. Resolfin produzione e vendita di bandiere e pennoni di alta qualit\u00e0.","og_url":"https:\/\/www.resolfin.com\/en\/resolgreen","og_site_name":"Resolfin: vendita e produzione bandiere e pennoni","article_publisher":"https:\/\/www.facebook.com\/resolfinbandiere\/","article_modified_time":"2025-08-05T07:35:34+00:00","og_image":[{"width":988,"height":467,"url":"https:\/\/www.resolfin.com\/wp-content\/uploads\/2023\/02\/Resolgreen-trasparente.png","type":"image\/png"}],"twitter_card":"summary_large_image","twitter_site":"@resolfin_","twitter_misc":{"Estimated reading time":"4 minutes"},"schema":{"@context":"https:\/\/schema.org","@graph":[{"@type":"WebPage","@id":"https:\/\/www.resolfin.com\/resolgreen","url":"https:\/\/www.resolfin.com\/resolgreen","name":"Resolfin at the 9th edition of the Eco-Forum alongside Legambiente - Resolfin: production and sales of flags and flagpoles","isPartOf":{"@id":"https:\/\/www.resolfin.com\/#website"},"primaryImageOfPage":{"@id":"https:\/\/www.resolfin.com\/resolgreen#primaryimage"},"image":{"@id":"https:\/\/www.resolfin.com\/resolgreen#primaryimage"},"thumbnailUrl":"https:\/\/www.resolfin.com\/wp-content\/uploads\/2023\/02\/Resolgreen-trasparente.png","datePublished":"2025-06-18T12:48:27+00:00","dateModified":"2025-08-05T07:35:34+00:00","description":"Resolgreen. Resolfin produzione e vendita di bandiere e pennoni di alta qualit\u00e0.","breadcrumb":{"@id":"https:\/\/www.resolfin.com\/resolgreen#breadcrumb"},"inLanguage":"en-GB","potentialAction":[{"@type":"ReadAction","target":["https:\/\/www.resolfin.com\/resolgreen"]}]},{"@type":"ImageObject","inLanguage":"en-GB","@id":"https:\/\/www.resolfin.com\/resolgreen#primaryimage","url":"https:\/\/www.resolfin.com\/wp-content\/uploads\/2023\/02\/Resolgreen-trasparente.png","contentUrl":"https:\/\/www.resolfin.com\/wp-content\/uploads\/2023\/02\/Resolgreen-trasparente.png","width":988,"height":467},{"@type":"BreadcrumbList","@id":"https:\/\/www.resolfin.com\/resolgreen#breadcrumb","itemListElement":[{"@type":"ListItem","position":1,"name":"Home","item":"https:\/\/www.resolfin.com\/"},{"@type":"ListItem","position":2,"name":"Resolgreen"}]},{"@type":"WebSite","@id":"https:\/\/www.resolfin.com\/#website","url":"https:\/\/www.resolfin.com\/","name":"Resolfin: production and sales of flags and flagpoles","description":"vendita e produzione bandiere e pennoni","publisher":{"@id":"https:\/\/www.resolfin.com\/#organization"},"potentialAction":[{"@type":"SearchAction","target":{"@type":"EntryPoint","urlTemplate":"https:\/\/www.resolfin.com\/?s={search_term_string}"},"query-input":{"@type":"PropertyValueSpecification","valueRequired":true,"valueName":"search_term_string"}}],"inLanguage":"en-GB"},{"@type":"Organization","@id":"https:\/\/www.resolfin.com\/#organization","name":"Resolfin produzione bandiere","url":"https:\/\/www.resolfin.com\/","logo":{"@type":"ImageObject","inLanguage":"en-GB","@id":"https:\/\/www.resolfin.com\/#\/schema\/logo\/image\/","url":"https:\/\/www.resolfin.com\/wp-content\/uploads\/2025\/06\/Logo-nuovo-trasparente-head.png","contentUrl":"https:\/\/www.resolfin.com\/wp-content\/uploads\/2025\/06\/Logo-nuovo-trasparente-head.png","width":479,"height":142,"caption":"Resolfin produzione bandiere"},"image":{"@id":"https:\/\/www.resolfin.com\/#\/schema\/logo\/image\/"},"sameAs":["https:\/\/www.facebook.com\/resolfinbandiere\/","https:\/\/x.com\/resolfin_","https:\/\/www.instagram.com\/resolfin_bandiere\/","https:\/\/www.linkedin.com\/company\/resolfin-srl"]}]}},"_links":{"self":[{"href":"https:\/\/www.resolfin.com\/en\/wp-json\/wp\/v2\/pages\/112742","targetHints":{"allow":["GET"]}}],"collection":[{"href":"https:\/\/www.resolfin.com\/en\/wp-json\/wp\/v2\/pages"}],"about":[{"href":"https:\/\/www.resolfin.com\/en\/wp-json\/wp\/v2\/types\/page"}],"author":[{"embeddable":true,"href":"https:\/\/www.resolfin.com\/en\/wp-json\/wp\/v2\/users\/1"}],"replies":[{"embeddable":true,"href":"https:\/\/www.resolfin.com\/en\/wp-json\/wp\/v2\/comments?post=112742"}],"version-history":[{"count":22,"href":"https:\/\/www.resolfin.com\/en\/wp-json\/wp\/v2\/pages\/112742\/revisions"}],"predecessor-version":[{"id":116185,"href":"https:\/\/www.resolfin.com\/en\/wp-json\/wp\/v2\/pages\/112742\/revisions\/116185"}],"wp:featuredmedia":[{"embeddable":true,"href":"https:\/\/www.resolfin.com\/en\/wp-json\/wp\/v2\/media\/98298"}],"wp:attachment":[{"href":"https:\/\/www.resolfin.com\/en\/wp-json\/wp\/v2\/media?parent=112742"}],"curies":[{"name":"wp","href":"https:\/\/api.w.org\/{rel}","templated":true}]}}