{"id":113160,"date":"2025-06-19T10:29:59","date_gmt":"2025-06-19T08:29:59","guid":{"rendered":"https:\/\/www.resolfin.com\/?page_id=113160"},"modified":"2025-11-21T15:24:17","modified_gmt":"2025-11-21T14:24:17","slug":"technical-drawings-and-certifications","status":"publish","type":"page","link":"https:\/\/www.resolfin.com\/en\/download-area\/technical-drawings-and-certifications","title":{"rendered":"Disegni tecnici e certificazioni"},"content":{"rendered":"<div data-elementor-type=\"wp-page\" data-elementor-id=\"113160\" class=\"elementor elementor-113160\">\n\t\t\t\t<div class=\"elementor-element elementor-element-40575b8 e-flex e-con-boxed e-con e-parent\" data-id=\"40575b8\" data-element_type=\"container\">\n\t\t\t\t\t<div class=\"e-con-inner\">\n\t\t\t\t<div class=\"elementor-element elementor-element-8df2491 elementor-widget elementor-widget-printec_animated-headline\" data-id=\"8df2491\" data-element_type=\"widget\" data-widget_type=\"printec_animated-headline.default\">\n\t\t\t\t<div class=\"elementor-widget-container\">\n\t\t\t\t\t        <h1  class=\"elementor-headline\">\n                    <span class=\"elementor-headline-plain-text elementor-headline-text-wrapper\">Technical drawings<\/span>\n                <span class=\"elementor-headline-dynamic-wrapper elementor-headline-text-wrapper\">\n                    <span class=\"elementor-headline-dynamic-text elementor-headline-text-active\">and<\/span>\n        \t\t<\/span>\n                    <span class=\"elementor-headline-plain-text elementor-headline-text-wrapper\">certifications<\/span>\n                <\/h1>\n        \t\t\t\t<\/div>\n\t\t\t\t<\/div>\n\t\t\t\t\t<\/div>\n\t\t\t\t<\/div>\n\t\t<div class=\"elementor-element elementor-element-1465b69 e-flex e-con-boxed e-con e-parent\" data-id=\"1465b69\" data-element_type=\"container\">\n\t\t\t\t\t<div class=\"e-con-inner\">\n\t\t<div class=\"elementor-element elementor-element-61c4cc1 e-con-full e-flex e-con e-child\" data-id=\"61c4cc1\" data-element_type=\"container\">\n\t\t<div data-premium-element-link=\"{&quot;type&quot;:&quot;url&quot;,&quot;link&quot;:{&quot;url&quot;:&quot;https:\\\/\\\/www.resolfin.com\\\/area-tecnica\\\/disegni-tecnici-e-certificazioni\\\/bandiere&quot;,&quot;is_external&quot;:&quot;&quot;,&quot;nofollow&quot;:&quot;&quot;,&quot;custom_attributes&quot;:&quot;&quot;},&quot;href&quot;:&quot;https:\\\/\\\/www.resolfin.com\\\/area-tecnica\\\/disegni-tecnici-e-certificazioni\\\/bandiere&quot;}\" style=\"cursor: pointer\" class=\"elementor-element elementor-element-6b4a003 e-con-full premium-wrapper-link-yes e-flex e-con e-child\" data-id=\"6b4a003\" data-element_type=\"container\" data-settings=\"{&quot;background_background&quot;:&quot;classic&quot;}\">\n\t\t\t\t<div class=\"elementor-element elementor-element-b242c77 elementor-widget-mobile__width-inherit elementor-widget elementor-widget-text-editor\" data-id=\"b242c77\" data-element_type=\"widget\" data-widget_type=\"text-editor.default\">\n\t\t\t\t<div class=\"elementor-widget-container\">\n\t\t\t\t\t\t\t\t\t<p>Flags<\/p>\t\t\t\t\t\t\t\t<\/div>\n\t\t\t\t<\/div>\n\t\t\t\t<div class=\"elementor-element elementor-element-f2a9045 elementor-button-default elementor-widget elementor-widget-button\" data-id=\"f2a9045\" data-element_type=\"widget\" data-widget_type=\"button.default\">\n\t\t\t\t<div class=\"elementor-widget-container\">\n\t\t\t\t\t\t\t\t\t<div class=\"elementor-button-wrapper\">\n\t\t\t\t\t<a class=\"elementor-button elementor-button-link elementor-size-sm\" href=\"\/en\/download-area\/technical-drawings-and-certifications\/flags\/\">\n\t\t\t\t\t\t<span class=\"elementor-button-content-wrapper\">\n\t\t\t\t\t\t\t\t\t<span class=\"elementor-button-text\">Learn more<\/span>\n\t\t\t\t\t<\/span>\n\t\t\t\t\t<\/a>\n\t\t\t\t<\/div>\n\t\t\t\t\t\t\t\t<\/div>\n\t\t\t\t<\/div>\n\t\t\t\t<\/div>\n\t\t\t\t<\/div>\n\t\t<div class=\"elementor-element elementor-element-9fee79b e-con-full e-flex e-con e-child\" data-id=\"9fee79b\" data-element_type=\"container\">\n\t\t<div data-premium-element-link=\"{&quot;type&quot;:&quot;url&quot;,&quot;link&quot;:{&quot;url&quot;:&quot;https:\\\/\\\/www.resolfin.com\\\/area-tecnica\\\/disegni-tecnici-e-certificazioni\\\/stampa-personalizzata&quot;,&quot;is_external&quot;:&quot;&quot;,&quot;nofollow&quot;:&quot;&quot;,&quot;custom_attributes&quot;:&quot;&quot;},&quot;href&quot;:&quot;https:\\\/\\\/www.resolfin.com\\\/area-tecnica\\\/disegni-tecnici-e-certificazioni\\\/stampa-personalizzata&quot;}\" style=\"cursor: pointer\" class=\"elementor-element elementor-element-53c52a7 e-con-full premium-wrapper-link-yes e-flex e-con e-child\" data-id=\"53c52a7\" data-element_type=\"container\" data-settings=\"{&quot;background_background&quot;:&quot;classic&quot;}\">\n\t\t\t\t<div class=\"elementor-element elementor-element-268e5bd elementor-widget elementor-widget-text-editor\" data-id=\"268e5bd\" data-element_type=\"widget\" data-widget_type=\"text-editor.default\">\n\t\t\t\t<div class=\"elementor-widget-container\">\n\t\t\t\t\t\t\t\t\t<p>Custom printing<\/p>\t\t\t\t\t\t\t\t<\/div>\n\t\t\t\t<\/div>\n\t\t\t\t<div class=\"elementor-element elementor-element-40a48e6 elementor-button-default elementor-widget elementor-widget-button\" data-id=\"40a48e6\" data-element_type=\"widget\" data-widget_type=\"button.default\">\n\t\t\t\t<div class=\"elementor-widget-container\">\n\t\t\t\t\t\t\t\t\t<div class=\"elementor-button-wrapper\">\n\t\t\t\t\t<a class=\"elementor-button elementor-button-link elementor-size-sm\" href=\"\/en\/download-area\/technical-drawings-and-certifications\/custom-printing\/\">\n\t\t\t\t\t\t<span class=\"elementor-button-content-wrapper\">\n\t\t\t\t\t\t\t\t\t<span class=\"elementor-button-text\">Learn more<\/span>\n\t\t\t\t\t<\/span>\n\t\t\t\t\t<\/a>\n\t\t\t\t<\/div>\n\t\t\t\t\t\t\t\t<\/div>\n\t\t\t\t<\/div>\n\t\t\t\t<\/div>\n\t\t\t\t<\/div>\n\t\t<div class=\"elementor-element elementor-element-18c932f e-con-full e-flex e-con e-child\" data-id=\"18c932f\" data-element_type=\"container\">\n\t\t<div data-premium-element-link=\"{&quot;type&quot;:&quot;url&quot;,&quot;link&quot;:{&quot;url&quot;:&quot;https:\\\/\\\/www.resolfin.com\\\/area-tecnica\\\/disegni-tecnici-e-certificazioni\\\/conference&quot;,&quot;is_external&quot;:&quot;&quot;,&quot;nofollow&quot;:&quot;&quot;,&quot;custom_attributes&quot;:&quot;&quot;},&quot;href&quot;:&quot;https:\\\/\\\/www.resolfin.com\\\/area-tecnica\\\/disegni-tecnici-e-certificazioni\\\/conference&quot;}\" style=\"cursor: pointer\" class=\"elementor-element elementor-element-6c48ce6 e-con-full premium-wrapper-link-yes e-flex e-con e-child\" data-id=\"6c48ce6\" data-element_type=\"container\" data-settings=\"{&quot;background_background&quot;:&quot;classic&quot;}\">\n\t\t\t\t<div class=\"elementor-element elementor-element-7ee3661 elementor-widget__width-initial elementor-widget elementor-widget-text-editor\" data-id=\"7ee3661\" data-element_type=\"widget\" data-widget_type=\"text-editor.default\">\n\t\t\t\t<div class=\"elementor-widget-container\">\n\t\t\t\t\t\t\t\t\t<p>Conference<\/p>\t\t\t\t\t\t\t\t<\/div>\n\t\t\t\t<\/div>\n\t\t\t\t<div class=\"elementor-element elementor-element-3e6b3e5 elementor-button-default elementor-widget elementor-widget-button\" data-id=\"3e6b3e5\" data-element_type=\"widget\" data-widget_type=\"button.default\">\n\t\t\t\t<div class=\"elementor-widget-container\">\n\t\t\t\t\t\t\t\t\t<div class=\"elementor-button-wrapper\">\n\t\t\t\t\t<a class=\"elementor-button elementor-button-link elementor-size-sm\" href=\"\/en\/download-area\/technical-drawings-and-certifications\/conference\/\">\n\t\t\t\t\t\t<span class=\"elementor-button-content-wrapper\">\n\t\t\t\t\t\t\t\t\t<span class=\"elementor-button-text\">Learn more<\/span>\n\t\t\t\t\t<\/span>\n\t\t\t\t\t<\/a>\n\t\t\t\t<\/div>\n\t\t\t\t\t\t\t\t<\/div>\n\t\t\t\t<\/div>\n\t\t\t\t<\/div>\n\t\t\t\t<\/div>\n\t\t\t\t\t<\/div>\n\t\t\t\t<\/div>\n\t\t<div class=\"elementor-element elementor-element-f664e9d e-flex e-con-boxed e-con e-parent\" data-id=\"f664e9d\" data-element_type=\"container\">\n\t\t\t\t\t<div class=\"e-con-inner\">\n\t\t<div class=\"elementor-element elementor-element-dc7c292 e-con-full e-flex e-con e-child\" data-id=\"dc7c292\" data-element_type=\"container\">\n\t\t<div data-premium-element-link=\"{&quot;type&quot;:&quot;url&quot;,&quot;link&quot;:{&quot;url&quot;:&quot;https:\\\/\\\/www.resolfin.com\\\/area-tecnica\\\/disegni-tecnici-e-certificazioni\\\/aste-pennoni-e-stendardi\\\/&quot;,&quot;is_external&quot;:&quot;&quot;,&quot;nofollow&quot;:&quot;&quot;,&quot;custom_attributes&quot;:&quot;&quot;},&quot;href&quot;:&quot;https:\\\/\\\/www.resolfin.com\\\/area-tecnica\\\/disegni-tecnici-e-certificazioni\\\/aste-pennoni-e-stendardi\\\/&quot;}\" style=\"cursor: pointer\" class=\"elementor-element elementor-element-cfc203c e-con-full premium-wrapper-link-yes e-flex e-con e-child\" data-id=\"cfc203c\" data-element_type=\"container\" data-settings=\"{&quot;background_background&quot;:&quot;classic&quot;}\">\n\t\t\t\t<div class=\"elementor-element elementor-element-1b37ea1 elementor-widget__width-initial elementor-widget elementor-widget-text-editor\" data-id=\"1b37ea1\" data-element_type=\"widget\" data-widget_type=\"text-editor.default\">\n\t\t\t\t<div class=\"elementor-widget-container\">\n\t\t\t\t\t\t\t\t\t<p>Flagpoles and Banners<\/p>\t\t\t\t\t\t\t\t<\/div>\n\t\t\t\t<\/div>\n\t\t\t\t<div class=\"elementor-element elementor-element-fb82c85 elementor-button-default elementor-widget elementor-widget-button\" data-id=\"fb82c85\" data-element_type=\"widget\" data-widget_type=\"button.default\">\n\t\t\t\t<div class=\"elementor-widget-container\">\n\t\t\t\t\t\t\t\t\t<div class=\"elementor-button-wrapper\">\n\t\t\t\t\t<a class=\"elementor-button elementor-button-link elementor-size-sm\" href=\"\/en\/download-area\/technical-drawings-and-certifications\/flagpoles-and-banners\/\">\n\t\t\t\t\t\t<span class=\"elementor-button-content-wrapper\">\n\t\t\t\t\t\t\t\t\t<span class=\"elementor-button-text\">Learn more<\/span>\n\t\t\t\t\t<\/span>\n\t\t\t\t\t<\/a>\n\t\t\t\t<\/div>\n\t\t\t\t\t\t\t\t<\/div>\n\t\t\t\t<\/div>\n\t\t\t\t<\/div>\n\t\t\t\t<\/div>\n\t\t<div class=\"elementor-element elementor-element-7682c32 e-con-full e-flex e-con e-child\" data-id=\"7682c32\" data-element_type=\"container\">\n\t\t<div data-premium-element-link=\"{&quot;type&quot;:&quot;url&quot;,&quot;link&quot;:{&quot;url&quot;:&quot;https:\\\/\\\/www.resolfin.com\\\/area-tecnica\\\/disegni-tecnici-e-certificazioni\\\/accessori-metallici&quot;,&quot;is_external&quot;:&quot;&quot;,&quot;nofollow&quot;:&quot;&quot;,&quot;custom_attributes&quot;:&quot;&quot;},&quot;href&quot;:&quot;https:\\\/\\\/www.resolfin.com\\\/area-tecnica\\\/disegni-tecnici-e-certificazioni\\\/accessori-metallici&quot;}\" style=\"cursor: pointer\" class=\"elementor-element elementor-element-d774b4b e-con-full premium-wrapper-link-yes e-flex e-con e-child\" data-id=\"d774b4b\" data-element_type=\"container\" data-settings=\"{&quot;background_background&quot;:&quot;classic&quot;}\">\n\t\t\t\t<div class=\"elementor-element elementor-element-a68c8c0 elementor-widget__width-initial elementor-widget elementor-widget-text-editor\" data-id=\"a68c8c0\" data-element_type=\"widget\" data-widget_type=\"text-editor.default\">\n\t\t\t\t<div class=\"elementor-widget-container\">\n\t\t\t\t\t\t\t\t\t<p class=\"translation-block\"><span class=\"elementor-headline-plain-text elementor-headline-text-wrapper\">Metal<\/span>\n                <span class=\"elementor-headline-dynamic-wrapper elementor-headline-text-wrapper\">\n                    <span class=\"elementor-headline-dynamic-text elementor-headline-text-active\">Accessories<\/span>\n        \t\t<\/span><\/p>\t\t\t\t\t\t\t\t<\/div>\n\t\t\t\t<\/div>\n\t\t\t\t<div class=\"elementor-element elementor-element-7097180 elementor-button-default elementor-widget elementor-widget-button\" data-id=\"7097180\" data-element_type=\"widget\" data-widget_type=\"button.default\">\n\t\t\t\t<div class=\"elementor-widget-container\">\n\t\t\t\t\t\t\t\t\t<div class=\"elementor-button-wrapper\">\n\t\t\t\t\t<a class=\"elementor-button elementor-button-link elementor-size-sm\" href=\"\/en\/download-area\/technical-drawings-and-certifications\/metal-accessories\/\">\n\t\t\t\t\t\t<span class=\"elementor-button-content-wrapper\">\n\t\t\t\t\t\t\t\t\t<span class=\"elementor-button-text\">Learn more<\/span>\n\t\t\t\t\t<\/span>\n\t\t\t\t\t<\/a>\n\t\t\t\t<\/div>\n\t\t\t\t\t\t\t\t<\/div>\n\t\t\t\t<\/div>\n\t\t\t\t<\/div>\n\t\t\t\t<\/div>\n\t\t<div class=\"elementor-element elementor-element-fc05285 e-con-full e-flex e-con e-child\" data-id=\"fc05285\" data-element_type=\"container\">\n\t\t<div data-premium-element-link=\"{&quot;type&quot;:&quot;url&quot;,&quot;link&quot;:{&quot;url&quot;:&quot;https:\\\/\\\/www.resolfin.com\\\/area-tecnica\\\/&quot;,&quot;is_external&quot;:&quot;&quot;,&quot;nofollow&quot;:&quot;&quot;,&quot;custom_attributes&quot;:&quot;&quot;},&quot;href&quot;:&quot;https:\\\/\\\/www.resolfin.com\\\/area-tecnica\\\/&quot;}\" style=\"cursor: pointer\" class=\"elementor-element elementor-element-90d3543 e-con-full premium-wrapper-link-yes e-flex e-con e-child\" data-id=\"90d3543\" data-element_type=\"container\" data-settings=\"{&quot;background_background&quot;:&quot;classic&quot;}\">\n\t\t\t\t<div class=\"elementor-element elementor-element-e3871d1 elementor-widget__width-initial elementor-widget elementor-widget-text-editor\" data-id=\"e3871d1\" data-element_type=\"widget\" data-widget_type=\"text-editor.default\">\n\t\t\t\t<div class=\"elementor-widget-container\">\n\t\t\t\t\t\t\t\t\t<p>Go to the Technical Area<\/p>\t\t\t\t\t\t\t\t<\/div>\n\t\t\t\t<\/div>\n\t\t\t\t<div class=\"elementor-element elementor-element-f5478b0 elementor-button-default elementor-widget elementor-widget-button\" data-id=\"f5478b0\" data-element_type=\"widget\" data-widget_type=\"button.default\">\n\t\t\t\t<div class=\"elementor-widget-container\">\n\t\t\t\t\t\t\t\t\t<div class=\"elementor-button-wrapper translation-block\"><span class=\"elementor-headline-plain-text elementor-headline-text-wrapper\">Download<\/span>\n                <span class=\"elementor-headline-dynamic-wrapper elementor-headline-text-wrapper\">\n                    <span class=\"elementor-headline-dynamic-text elementor-headline-text-active\">Area<\/span>\n        \t\t<\/span><\/div>\n\t\t\t\t\t\t\t\t<\/div>\n\t\t\t\t<\/div>\n\t\t\t\t<\/div>\n\t\t\t\t<\/div>\n\t\t\t\t\t<\/div>\n\t\t\t\t<\/div>\n\t\t\t\t<\/div>","protected":false},"excerpt":{"rendered":"<p>Disegni tecnici e certificazioni Bandiere Scopri di pi\u00f9 Stampa personalizzata Scopri di pi\u00f9 Conference Scopri di pi\u00f9 Aste, Pennoni e Stendardi Scopri di pi\u00f9 Accessori Metallici Scopri di pi\u00f9 Vai all&#8217;Area Tecnica Area Tecnica<\/p>","protected":false},"author":1,"featured_media":0,"parent":113119,"menu_order":0,"comment_status":"closed","ping_status":"closed","template":"template-homepage.php","meta":{"_acf_changed":false,"_sitemap_exclude":false,"_sitemap_priority":"","_sitemap_frequency":"","footnotes":""},"class_list":["post-113160","page","type-page","status-publish","hentry"],"acf":[],"yoast_head":"<!-- This site is optimized with the Yoast SEO plugin v26.4 - https:\/\/yoast.com\/wordpress\/plugins\/seo\/ -->\n<title>Disegni tecnici e certificazioni - Resolfin: vendita e produzione bandiere e pennoni<\/title>\n<meta name=\"description\" content=\"Disegni tecnici e certificazioni. Resolfin produzione e vendita di bandiere e pennoni di alta qualit\u00e0.\" \/>\n<meta name=\"robots\" content=\"index, follow, max-snippet:-1, max-image-preview:large, max-video-preview:-1\" \/>\n<link rel=\"canonical\" href=\"https:\/\/www.resolfin.com\/en\/download-area\/technical-drawings-and-certifications\" \/>\n<meta property=\"og:locale\" content=\"en_GB\" \/>\n<meta property=\"og:type\" content=\"article\" \/>\n<meta property=\"og:title\" content=\"Disegni tecnici e certificazioni - Resolfin: vendita e produzione bandiere e pennoni\" \/>\n<meta property=\"og:description\" content=\"Disegni tecnici e certificazioni. Resolfin produzione e vendita di bandiere e pennoni di alta qualit\u00e0.\" \/>\n<meta property=\"og:url\" content=\"https:\/\/www.resolfin.com\/en\/download-area\/technical-drawings-and-certifications\" \/>\n<meta property=\"og:site_name\" content=\"Resolfin: vendita e produzione bandiere e pennoni\" \/>\n<meta property=\"article:publisher\" content=\"https:\/\/www.facebook.com\/resolfinbandiere\/\" \/>\n<meta property=\"article:modified_time\" content=\"2025-11-21T14:24:17+00:00\" \/>\n<meta name=\"twitter:card\" content=\"summary_large_image\" \/>\n<meta name=\"twitter:site\" content=\"@resolfin_\" \/>\n<meta name=\"twitter:label1\" content=\"Estimated reading time\" \/>\n\t<meta name=\"twitter:data1\" content=\"1 minute\" \/>\n<script type=\"application\/ld+json\" class=\"yoast-schema-graph\">{\"@context\":\"https:\/\/schema.org\",\"@graph\":[{\"@type\":\"WebPage\",\"@id\":\"https:\/\/www.resolfin.com\/area-tecnica\/disegni-tecnici-e-certificazioni\",\"url\":\"https:\/\/www.resolfin.com\/area-tecnica\/disegni-tecnici-e-certificazioni\",\"name\":\"Disegni tecnici e certificazioni - Resolfin: vendita e produzione bandiere e pennoni\",\"isPartOf\":{\"@id\":\"https:\/\/www.resolfin.com\/#website\"},\"datePublished\":\"2025-06-19T08:29:59+00:00\",\"dateModified\":\"2025-11-21T14:24:17+00:00\",\"description\":\"Disegni tecnici e certificazioni. Resolfin produzione e vendita di bandiere e pennoni di alta qualit\u00e0.\",\"breadcrumb\":{\"@id\":\"https:\/\/www.resolfin.com\/area-tecnica\/disegni-tecnici-e-certificazioni#breadcrumb\"},\"inLanguage\":\"en-GB\",\"potentialAction\":[{\"@type\":\"ReadAction\",\"target\":[\"https:\/\/www.resolfin.com\/area-tecnica\/disegni-tecnici-e-certificazioni\"]}]},{\"@type\":\"BreadcrumbList\",\"@id\":\"https:\/\/www.resolfin.com\/area-tecnica\/disegni-tecnici-e-certificazioni#breadcrumb\",\"itemListElement\":[{\"@type\":\"ListItem\",\"position\":1,\"name\":\"Home\",\"item\":\"https:\/\/www.resolfin.com\/\"},{\"@type\":\"ListItem\",\"position\":2,\"name\":\"Area tecnica\",\"item\":\"https:\/\/www.resolfin.com\/area-tecnica\"},{\"@type\":\"ListItem\",\"position\":3,\"name\":\"Disegni tecnici e certificazioni\"}]},{\"@type\":\"WebSite\",\"@id\":\"https:\/\/www.resolfin.com\/#website\",\"url\":\"https:\/\/www.resolfin.com\/\",\"name\":\"Resolfin: vendita e produzione bandiere e pennoni\",\"description\":\"vendita e produzione bandiere e pennoni\",\"publisher\":{\"@id\":\"https:\/\/www.resolfin.com\/#organization\"},\"potentialAction\":[{\"@type\":\"SearchAction\",\"target\":{\"@type\":\"EntryPoint\",\"urlTemplate\":\"https:\/\/www.resolfin.com\/?s={search_term_string}\"},\"query-input\":{\"@type\":\"PropertyValueSpecification\",\"valueRequired\":true,\"valueName\":\"search_term_string\"}}],\"inLanguage\":\"en-GB\"},{\"@type\":\"Organization\",\"@id\":\"https:\/\/www.resolfin.com\/#organization\",\"name\":\"Resolfin produzione bandiere\",\"url\":\"https:\/\/www.resolfin.com\/\",\"logo\":{\"@type\":\"ImageObject\",\"inLanguage\":\"en-GB\",\"@id\":\"https:\/\/www.resolfin.com\/#\/schema\/logo\/image\/\",\"url\":\"https:\/\/www.resolfin.com\/wp-content\/uploads\/2025\/06\/Logo-nuovo-trasparente-head.png\",\"contentUrl\":\"https:\/\/www.resolfin.com\/wp-content\/uploads\/2025\/06\/Logo-nuovo-trasparente-head.png\",\"width\":479,\"height\":142,\"caption\":\"Resolfin produzione bandiere\"},\"image\":{\"@id\":\"https:\/\/www.resolfin.com\/#\/schema\/logo\/image\/\"},\"sameAs\":[\"https:\/\/www.facebook.com\/resolfinbandiere\/\",\"https:\/\/x.com\/resolfin_\",\"https:\/\/www.instagram.com\/resolfin_bandiere\/\",\"https:\/\/www.linkedin.com\/company\/resolfin-srl\"]}]}<\/script>\n<!-- \/ Yoast SEO plugin. -->","yoast_head_json":{"title":"Technical drawings and certifications - Resolfin: production and sales of flags and flagpoles","description":"Technical drawings and certifications. Resolfin produzione e vendita di bandiere e pennoni di alta qualit\u00e0.","robots":{"index":"index","follow":"follow","max-snippet":"max-snippet:-1","max-image-preview":"max-image-preview:large","max-video-preview":"max-video-preview:-1"},"canonical":"https:\/\/www.resolfin.com\/en\/download-area\/technical-drawings-and-certifications","og_locale":"en_GB","og_type":"article","og_title":"Disegni tecnici e certificazioni - Resolfin: vendita e produzione bandiere e pennoni","og_description":"Disegni tecnici e certificazioni. Resolfin produzione e vendita di bandiere e pennoni di alta qualit\u00e0.","og_url":"https:\/\/www.resolfin.com\/en\/download-area\/technical-drawings-and-certifications","og_site_name":"Resolfin: vendita e produzione bandiere e pennoni","article_publisher":"https:\/\/www.facebook.com\/resolfinbandiere\/","article_modified_time":"2025-11-21T14:24:17+00:00","twitter_card":"summary_large_image","twitter_site":"@resolfin_","twitter_misc":{"Estimated reading time":"1 minute"},"schema":{"@context":"https:\/\/schema.org","@graph":[{"@type":"WebPage","@id":"https:\/\/www.resolfin.com\/area-tecnica\/disegni-tecnici-e-certificazioni","url":"https:\/\/www.resolfin.com\/area-tecnica\/disegni-tecnici-e-certificazioni","name":"Technical drawings and certifications - Resolfin: production and sales of flags and flagpoles","isPartOf":{"@id":"https:\/\/www.resolfin.com\/#website"},"datePublished":"2025-06-19T08:29:59+00:00","dateModified":"2025-11-21T14:24:17+00:00","description":"Technical drawings and certifications. Resolfin produzione e vendita di bandiere e pennoni di alta qualit\u00e0.","breadcrumb":{"@id":"https:\/\/www.resolfin.com\/area-tecnica\/disegni-tecnici-e-certificazioni#breadcrumb"},"inLanguage":"en-GB","potentialAction":[{"@type":"ReadAction","target":["https:\/\/www.resolfin.com\/area-tecnica\/disegni-tecnici-e-certificazioni"]}]},{"@type":"BreadcrumbList","@id":"https:\/\/www.resolfin.com\/area-tecnica\/disegni-tecnici-e-certificazioni#breadcrumb","itemListElement":[{"@type":"ListItem","position":1,"name":"Home","item":"https:\/\/www.resolfin.com\/"},{"@type":"ListItem","position":2,"name":"Area tecnica","item":"https:\/\/www.resolfin.com\/area-tecnica"},{"@type":"ListItem","position":3,"name":"Disegni tecnici e certificazioni"}]},{"@type":"WebSite","@id":"https:\/\/www.resolfin.com\/#website","url":"https:\/\/www.resolfin.com\/","name":"Resolfin: production and sales of flags and flagpoles","description":"vendita e produzione bandiere e pennoni","publisher":{"@id":"https:\/\/www.resolfin.com\/#organization"},"potentialAction":[{"@type":"SearchAction","target":{"@type":"EntryPoint","urlTemplate":"https:\/\/www.resolfin.com\/?s={search_term_string}"},"query-input":{"@type":"PropertyValueSpecification","valueRequired":true,"valueName":"search_term_string"}}],"inLanguage":"en-GB"},{"@type":"Organization","@id":"https:\/\/www.resolfin.com\/#organization","name":"Resolfin produzione bandiere","url":"https:\/\/www.resolfin.com\/","logo":{"@type":"ImageObject","inLanguage":"en-GB","@id":"https:\/\/www.resolfin.com\/#\/schema\/logo\/image\/","url":"https:\/\/www.resolfin.com\/wp-content\/uploads\/2025\/06\/Logo-nuovo-trasparente-head.png","contentUrl":"https:\/\/www.resolfin.com\/wp-content\/uploads\/2025\/06\/Logo-nuovo-trasparente-head.png","width":479,"height":142,"caption":"Resolfin produzione bandiere"},"image":{"@id":"https:\/\/www.resolfin.com\/#\/schema\/logo\/image\/"},"sameAs":["https:\/\/www.facebook.com\/resolfinbandiere\/","https:\/\/x.com\/resolfin_","https:\/\/www.instagram.com\/resolfin_bandiere\/","https:\/\/www.linkedin.com\/company\/resolfin-srl"]}]}},"_links":{"self":[{"href":"https:\/\/www.resolfin.com\/en\/wp-json\/wp\/v2\/pages\/113160","targetHints":{"allow":["GET"]}}],"collection":[{"href":"https:\/\/www.resolfin.com\/en\/wp-json\/wp\/v2\/pages"}],"about":[{"href":"https:\/\/www.resolfin.com\/en\/wp-json\/wp\/v2\/types\/page"}],"author":[{"embeddable":true,"href":"https:\/\/www.resolfin.com\/en\/wp-json\/wp\/v2\/users\/1"}],"replies":[{"embeddable":true,"href":"https:\/\/www.resolfin.com\/en\/wp-json\/wp\/v2\/comments?post=113160"}],"version-history":[{"count":28,"href":"https:\/\/www.resolfin.com\/en\/wp-json\/wp\/v2\/pages\/113160\/revisions"}],"predecessor-version":[{"id":116745,"href":"https:\/\/www.resolfin.com\/en\/wp-json\/wp\/v2\/pages\/113160\/revisions\/116745"}],"up":[{"embeddable":true,"href":"https:\/\/www.resolfin.com\/en\/wp-json\/wp\/v2\/pages\/113119"}],"wp:attachment":[{"href":"https:\/\/www.resolfin.com\/en\/wp-json\/wp\/v2\/media?parent=113160"}],"curies":[{"name":"wp","href":"https:\/\/api.w.org\/{rel}","templated":true}]}}