{"id":114483,"date":"2025-07-07T11:43:16","date_gmt":"2025-07-07T09:43:16","guid":{"rendered":"https:\/\/www.resolfin.com\/?page_id=114483"},"modified":"2025-11-21T15:52:23","modified_gmt":"2025-11-21T14:52:23","slug":"wearable-gadget","status":"publish","type":"page","link":"https:\/\/www.resolfin.com\/en\/wearable-gadget","title":{"rendered":"Gadget indossabili"},"content":{"rendered":"<div data-elementor-type=\"wp-page\" data-elementor-id=\"114483\" class=\"elementor elementor-114483\">\n\t\t\t\t\t\t<div class=\"elementor-section elementor-top-section elementor-element elementor-element-f9ada7a elementor-section-stretched elementor-section-boxed elementor-section-height-default elementor-section-height-default\" data-id=\"f9ada7a\" data-element_type=\"section\" data-settings=\"{&quot;stretch_section&quot;:&quot;section-stretched&quot;,&quot;background_background&quot;:&quot;classic&quot;}\">\n\t\t\t\t\t\t<div class=\"elementor-container elementor-column-gap-no\">\n\t\t\t\t\t<div class=\"elementor-column elementor-col-50 elementor-top-column elementor-element elementor-element-7ff8d1e\" data-id=\"7ff8d1e\" data-element_type=\"column\">\n\t\t\t<div class=\"elementor-widget-wrap elementor-element-populated\">\n\t\t\t\t\t\t<div class=\"elementor-element elementor-element-9565a02 elementor-widget elementor-widget-image\" data-id=\"9565a02\" data-element_type=\"widget\" data-widget_type=\"image.default\">\n\t\t\t\t<div class=\"elementor-widget-container\">\n\t\t\t\t\t\t\t\t\t\t\t\t\t\t\t<img fetchpriority=\"high\" decoding=\"async\" width=\"1578\" height=\"1338\" src=\"https:\/\/www.resolfin.com\/wp-content\/uploads\/2025\/07\/348345ier.png\" class=\"attachment-full size-full wp-image-114490\" alt=\"\" srcset=\"https:\/\/www.resolfin.com\/wp-content\/uploads\/2025\/07\/348345ier.png 1578w, https:\/\/www.resolfin.com\/wp-content\/uploads\/2025\/07\/348345ier-300x254.png 300w, https:\/\/www.resolfin.com\/wp-content\/uploads\/2025\/07\/348345ier-1024x868.png 1024w, https:\/\/www.resolfin.com\/wp-content\/uploads\/2025\/07\/348345ier-768x651.png 768w, https:\/\/www.resolfin.com\/wp-content\/uploads\/2025\/07\/348345ier-1536x1302.png 1536w, https:\/\/www.resolfin.com\/wp-content\/uploads\/2025\/07\/348345ier-450x382.png 450w, https:\/\/www.resolfin.com\/wp-content\/uploads\/2025\/07\/348345ier-800x678.png 800w\" sizes=\"(max-width: 1578px) 100vw, 1578px\" \/>\t\t\t\t\t\t\t\t\t\t\t\t\t\t\t<\/div>\n\t\t\t\t<\/div>\n\t\t\t\t\t<\/div>\n\t\t<\/div>\n\t\t\t\t<div class=\"elementor-column elementor-col-50 elementor-top-column elementor-element elementor-element-767bb73\" data-id=\"767bb73\" data-element_type=\"column\" data-settings=\"{&quot;background_background&quot;:&quot;classic&quot;}\">\n\t\t\t<div class=\"elementor-widget-wrap elementor-element-populated\">\n\t\t\t\t\t\t<div class=\"elementor-element elementor-element-df9eb5c elementor-widget__width-initial elementor-widget elementor-widget-printec_animated-headline\" data-id=\"df9eb5c\" data-element_type=\"widget\" data-widget_type=\"printec_animated-headline.default\">\n\t\t\t\t<div class=\"elementor-widget-container\">\n\t\t\t\t\t        <h1  class=\"elementor-headline translation-block\"><span class=\"elementor-headline-plain-text elementor-headline-text-wrapper\">Wearable<\/span>\n                <span class=\"elementor-headline-dynamic-wrapper elementor-headline-text-wrapper\">\n                    <span class=\"elementor-headline-dynamic-text elementor-headline-text-active\">customization<\/span>\n        \t\t<\/span><\/h1>\n        \t\t\t\t<\/div>\n\t\t\t\t<\/div>\n\t\t\t\t<div class=\"elementor-element elementor-element-c646fb4 elementor-widget elementor-widget-text-editor\" data-id=\"c646fb4\" data-element_type=\"widget\" data-widget_type=\"text-editor.default\">\n\t\t\t\t<div class=\"elementor-widget-container\">\n\t\t\t\t\t\t\t\t\t<p class=\"translation-block\">Scarves, foulards, bandanas, and other <strong>textile items<\/strong> printed with care - perfect for events, fan support, brand promotion, or official representation. Each piece is made from <strong>lightweight, durable materials<\/strong>, printed with <strong>water-based inks<\/strong>, and designed to ensure visibility, recognition and everyday practicality.<\/p><p><span style=\"font-weight: 400;\">Whether it\u2019s a corporate campaign, sports event, or private occasion, we help you turn a graphic symbol into a wearable item with real visual impact.<\/span><\/p>\t\t\t\t\t\t\t\t<\/div>\n\t\t\t\t<\/div>\n\t\t\t\t\t<\/div>\n\t\t<\/div>\n\t\t\t\t\t<\/div>\n\t\t<\/div>\n\t\t<div class=\"elementor-element elementor-element-55b938c e-flex e-con-boxed e-con e-parent\" data-id=\"55b938c\" data-element_type=\"container\">\n\t\t\t\t\t<div class=\"e-con-inner\">\n\t\t<div class=\"elementor-element elementor-element-7426173 e-con-full e-flex e-con e-child\" data-id=\"7426173\" data-element_type=\"container\">\n\t\t\t\t<div class=\"elementor-element elementor-element-635f1e8 elementor-cta--valign-bottom button-banner-style-printec-default elementor-bg-transform elementor-bg-transform-zoom-in elementor-widget elementor-widget-printec-banner\" data-id=\"635f1e8\" data-element_type=\"widget\" data-widget_type=\"printec-banner.default\">\n\t\t\t\t<div class=\"elementor-widget-container\">\n\t\t\t\t\t        <a href=\"\/en\/product\/custom-scarves\/\" class=\"elementor-cta--skin-cover elementor-cta elementor-printec-banner\">\n                            <div class=\"elementor-cta__bg-wrapper\">\n                    <div class=\"elementor-cta__bg elementor-bg\" style=\"background-image: url(https:\/\/www.resolfin.com\/wp-content\/uploads\/2025\/07\/sciar-132314.png);\"><\/div>\n                    <div class=\"elementor-cta__bg-overlay\"><\/div>\n                <\/div>\n                        <div class=\"elementor-cta__content\">\n                <div class=\"elementor-cta__content_inner\">\n                                                                <h3 class=\"elementor-cta__title elementor-cta__content-item elementor-content-item letter_text\">Scarves<\/h3>\n                    \n                    \n                                            <div class=\"elementor-cta__button-wrapper\">\n                            <span class=\"elementor-cta__button elementor-button\">\n                            <span class=\"elementor-cta__button-content-wrapper elementor-button-content-wrapper\">\n                                                                <span class=\"elementor-button-text\"> Learn more <\/span>\n\n                            <\/span>\n                            <\/span>\n                        <\/div>\n                                     <\/div>\n            <\/div>\n        <\/a>\n        \t\t\t\t<\/div>\n\t\t\t\t<\/div>\n\t\t\t\t<\/div>\n\t\t<div class=\"elementor-element elementor-element-2eb0d47 e-con-full e-flex e-con e-child\" data-id=\"2eb0d47\" data-element_type=\"container\">\n\t\t\t\t<div class=\"elementor-element elementor-element-a613c3d elementor-cta--valign-bottom button-banner-style-printec-default elementor-bg-transform elementor-bg-transform-zoom-in elementor-widget elementor-widget-printec-banner\" data-id=\"a613c3d\" data-element_type=\"widget\" data-widget_type=\"printec-banner.default\">\n\t\t\t\t<div class=\"elementor-widget-container\">\n\t\t\t\t\t        <a href=\"\/en\/product\/custom-printed-sashes\/\" class=\"elementor-cta--skin-cover elementor-cta elementor-printec-banner\">\n                            <div class=\"elementor-cta__bg-wrapper\">\n                    <div class=\"elementor-cta__bg elementor-bg\" style=\"background-image: url(https:\/\/www.resolfin.com\/wp-content\/uploads\/2025\/07\/fasc-e213e235t.png);\"><\/div>\n                    <div class=\"elementor-cta__bg-overlay\"><\/div>\n                <\/div>\n                        <div class=\"elementor-cta__content\">\n                <div class=\"elementor-cta__content_inner\">\n                                                                <h3 class=\"elementor-cta__title elementor-cta__content-item elementor-content-item letter_text\">Sashes<\/h3>\n                    \n                    \n                                            <div class=\"elementor-cta__button-wrapper\">\n                            <span class=\"elementor-cta__button elementor-button\">\n                            <span class=\"elementor-cta__button-content-wrapper elementor-button-content-wrapper\">\n                                                                <span class=\"elementor-button-text\"> Learn more <\/span>\n\n                            <\/span>\n                            <\/span>\n                        <\/div>\n                                     <\/div>\n            <\/div>\n        <\/a>\n        \t\t\t\t<\/div>\n\t\t\t\t<\/div>\n\t\t\t\t<\/div>\n\t\t<div class=\"elementor-element elementor-element-0900a50 e-con-full e-flex e-con e-child\" data-id=\"0900a50\" data-element_type=\"container\">\n\t\t\t\t<div class=\"elementor-element elementor-element-3d2a2b2 elementor-cta--valign-bottom button-banner-style-printec-default elementor-bg-transform elementor-bg-transform-zoom-in elementor-widget elementor-widget-printec-banner\" data-id=\"3d2a2b2\" data-element_type=\"widget\" data-widget_type=\"printec-banner.default\">\n\t\t\t\t<div class=\"elementor-widget-container\">\n\t\t\t\t\t        <a href=\"\/en\/product\/foulard-personalizzati\/\" class=\"elementor-cta--skin-cover elementor-cta elementor-printec-banner\">\n                            <div class=\"elementor-cta__bg-wrapper\">\n                    <div class=\"elementor-cta__bg elementor-bg\" style=\"background-image: url(https:\/\/www.resolfin.com\/wp-content\/uploads\/2025\/07\/foul-321.png);\"><\/div>\n                    <div class=\"elementor-cta__bg-overlay\"><\/div>\n                <\/div>\n                        <div class=\"elementor-cta__content\">\n                <div class=\"elementor-cta__content_inner\">\n                                                                <h3 class=\"elementor-cta__title elementor-cta__content-item elementor-content-item letter_text\">Foulard<\/h3>\n                    \n                    \n                                            <div class=\"elementor-cta__button-wrapper\">\n                            <span class=\"elementor-cta__button elementor-button\">\n                            <span class=\"elementor-cta__button-content-wrapper elementor-button-content-wrapper\">\n                                                                <span class=\"elementor-button-text\"> Learn more <\/span>\n\n                            <\/span>\n                            <\/span>\n                        <\/div>\n                                     <\/div>\n            <\/div>\n        <\/a>\n        \t\t\t\t<\/div>\n\t\t\t\t<\/div>\n\t\t\t\t<\/div>\n\t\t<div class=\"elementor-element elementor-element-239c3a2 e-con-full e-flex e-con e-child\" data-id=\"239c3a2\" data-element_type=\"container\">\n\t\t\t\t<div class=\"elementor-element elementor-element-81b4782 elementor-cta--valign-bottom button-banner-style-printec-default elementor-bg-transform elementor-bg-transform-zoom-in elementor-widget elementor-widget-printec-banner\" data-id=\"81b4782\" data-element_type=\"widget\" data-widget_type=\"printec-banner.default\">\n\t\t\t\t<div class=\"elementor-widget-container\">\n\t\t\t\t\t        <a href=\"\/en\/category-product\/bags\/\" class=\"elementor-cta--skin-cover elementor-cta elementor-printec-banner\">\n                            <div class=\"elementor-cta__bg-wrapper\">\n                    <div class=\"elementor-cta__bg elementor-bg\" style=\"background-image: url(https:\/\/www.resolfin.com\/wp-content\/uploads\/2025\/07\/bags-1224.png);\"><\/div>\n                    <div class=\"elementor-cta__bg-overlay\"><\/div>\n                <\/div>\n                        <div class=\"elementor-cta__content\">\n                <div class=\"elementor-cta__content_inner\">\n                                                                <h3 class=\"elementor-cta__title elementor-cta__content-item elementor-content-item letter_text\">Bag<\/h3>\n                    \n                    \n                                            <div class=\"elementor-cta__button-wrapper\">\n                            <span class=\"elementor-cta__button elementor-button\">\n                            <span class=\"elementor-cta__button-content-wrapper elementor-button-content-wrapper\">\n                                                                <span class=\"elementor-button-text\"> Learn more <\/span>\n\n                            <\/span>\n                            <\/span>\n                        <\/div>\n                                     <\/div>\n            <\/div>\n        <\/a>\n        \t\t\t\t<\/div>\n\t\t\t\t<\/div>\n\t\t\t\t<\/div>\n\t\t\t\t\t<\/div>\n\t\t\t\t<\/div>\n\t\t\t\t<\/div>","protected":false},"excerpt":{"rendered":"<p>La personalizzazione che si indossa Sciarpe, foulard, bandane e altri articoli tessili stampati con cura, ideali per eventi, tifo, promozione o rappresentanza. Ogni gadget \u00e8 realizzato con materiali leggeri e resistenti, stampato con inchiostri a base acqua e progettato per garantire visibilit\u00e0, riconoscibilit\u00e0 e praticit\u00e0 d\u2019uso. Che si tratti di un\u2019iniziativa aziendale, una manifestazione sportiva [&hellip;]<\/p>","protected":false},"author":1,"featured_media":0,"parent":0,"menu_order":0,"comment_status":"closed","ping_status":"closed","template":"template-homepage.php","meta":{"_acf_changed":false,"_sitemap_exclude":false,"_sitemap_priority":"","_sitemap_frequency":"","footnotes":""},"class_list":["post-114483","page","type-page","status-publish","hentry"],"acf":[],"yoast_head":"<!-- This site is optimized with the Yoast SEO plugin v26.4 - https:\/\/yoast.com\/wordpress\/plugins\/seo\/ -->\n<title>Gadget indossabili - Resolfin: vendita e produzione bandiere e pennoni<\/title>\n<meta name=\"description\" content=\"Gadget indossabili. Resolfin produzione e vendita di bandiere e pennoni di alta qualit\u00e0.\" \/>\n<meta name=\"robots\" content=\"index, follow, max-snippet:-1, max-image-preview:large, max-video-preview:-1\" \/>\n<link rel=\"canonical\" href=\"https:\/\/www.resolfin.com\/en\/wearable-gadget\" \/>\n<meta property=\"og:locale\" content=\"en_GB\" \/>\n<meta property=\"og:type\" content=\"article\" \/>\n<meta property=\"og:title\" content=\"Gadget indossabili - Resolfin: vendita e produzione bandiere e pennoni\" \/>\n<meta property=\"og:description\" content=\"Gadget indossabili. Resolfin produzione e vendita di bandiere e pennoni di alta qualit\u00e0.\" \/>\n<meta property=\"og:url\" content=\"https:\/\/www.resolfin.com\/en\/wearable-gadget\" \/>\n<meta property=\"og:site_name\" content=\"Resolfin: vendita e produzione bandiere e pennoni\" \/>\n<meta property=\"article:publisher\" content=\"https:\/\/www.facebook.com\/resolfinbandiere\/\" \/>\n<meta property=\"article:modified_time\" content=\"2025-11-21T14:52:23+00:00\" \/>\n<meta property=\"og:image\" content=\"https:\/\/www.resolfin.com\/wp-content\/uploads\/2025\/07\/348345ier.png\" \/>\n<meta name=\"twitter:card\" content=\"summary_large_image\" \/>\n<meta name=\"twitter:site\" content=\"@resolfin_\" \/>\n<meta name=\"twitter:label1\" content=\"Estimated reading time\" \/>\n\t<meta name=\"twitter:data1\" content=\"1 minute\" \/>\n<script type=\"application\/ld+json\" class=\"yoast-schema-graph\">{\"@context\":\"https:\/\/schema.org\",\"@graph\":[{\"@type\":\"WebPage\",\"@id\":\"https:\/\/www.resolfin.com\/gadget-indossabili\",\"url\":\"https:\/\/www.resolfin.com\/gadget-indossabili\",\"name\":\"Gadget indossabili - Resolfin: vendita e produzione bandiere e pennoni\",\"isPartOf\":{\"@id\":\"https:\/\/www.resolfin.com\/#website\"},\"primaryImageOfPage\":{\"@id\":\"https:\/\/www.resolfin.com\/gadget-indossabili#primaryimage\"},\"image\":{\"@id\":\"https:\/\/www.resolfin.com\/gadget-indossabili#primaryimage\"},\"thumbnailUrl\":\"https:\/\/www.resolfin.com\/wp-content\/uploads\/2025\/07\/348345ier.png\",\"datePublished\":\"2025-07-07T09:43:16+00:00\",\"dateModified\":\"2025-11-21T14:52:23+00:00\",\"description\":\"Gadget indossabili. Resolfin produzione e vendita di bandiere e pennoni di alta qualit\u00e0.\",\"breadcrumb\":{\"@id\":\"https:\/\/www.resolfin.com\/gadget-indossabili#breadcrumb\"},\"inLanguage\":\"en-GB\",\"potentialAction\":[{\"@type\":\"ReadAction\",\"target\":[\"https:\/\/www.resolfin.com\/gadget-indossabili\"]}]},{\"@type\":\"ImageObject\",\"inLanguage\":\"en-GB\",\"@id\":\"https:\/\/www.resolfin.com\/gadget-indossabili#primaryimage\",\"url\":\"https:\/\/www.resolfin.com\/wp-content\/uploads\/2025\/07\/348345ier.png\",\"contentUrl\":\"https:\/\/www.resolfin.com\/wp-content\/uploads\/2025\/07\/348345ier.png\"},{\"@type\":\"BreadcrumbList\",\"@id\":\"https:\/\/www.resolfin.com\/gadget-indossabili#breadcrumb\",\"itemListElement\":[{\"@type\":\"ListItem\",\"position\":1,\"name\":\"Home\",\"item\":\"https:\/\/www.resolfin.com\/\"},{\"@type\":\"ListItem\",\"position\":2,\"name\":\"Gadget indossabili\"}]},{\"@type\":\"WebSite\",\"@id\":\"https:\/\/www.resolfin.com\/#website\",\"url\":\"https:\/\/www.resolfin.com\/\",\"name\":\"Resolfin: vendita e produzione bandiere e pennoni\",\"description\":\"vendita e produzione bandiere e pennoni\",\"publisher\":{\"@id\":\"https:\/\/www.resolfin.com\/#organization\"},\"potentialAction\":[{\"@type\":\"SearchAction\",\"target\":{\"@type\":\"EntryPoint\",\"urlTemplate\":\"https:\/\/www.resolfin.com\/?s={search_term_string}\"},\"query-input\":{\"@type\":\"PropertyValueSpecification\",\"valueRequired\":true,\"valueName\":\"search_term_string\"}}],\"inLanguage\":\"en-GB\"},{\"@type\":\"Organization\",\"@id\":\"https:\/\/www.resolfin.com\/#organization\",\"name\":\"Resolfin produzione bandiere\",\"url\":\"https:\/\/www.resolfin.com\/\",\"logo\":{\"@type\":\"ImageObject\",\"inLanguage\":\"en-GB\",\"@id\":\"https:\/\/www.resolfin.com\/#\/schema\/logo\/image\/\",\"url\":\"https:\/\/www.resolfin.com\/wp-content\/uploads\/2025\/06\/Logo-nuovo-trasparente-head.png\",\"contentUrl\":\"https:\/\/www.resolfin.com\/wp-content\/uploads\/2025\/06\/Logo-nuovo-trasparente-head.png\",\"width\":479,\"height\":142,\"caption\":\"Resolfin produzione bandiere\"},\"image\":{\"@id\":\"https:\/\/www.resolfin.com\/#\/schema\/logo\/image\/\"},\"sameAs\":[\"https:\/\/www.facebook.com\/resolfinbandiere\/\",\"https:\/\/x.com\/resolfin_\",\"https:\/\/www.instagram.com\/resolfin_bandiere\/\",\"https:\/\/www.linkedin.com\/company\/resolfin-srl\"]}]}<\/script>\n<!-- \/ Yoast SEO plugin. -->","yoast_head_json":{"title":"Gadget indossabili - Resolfin: vendita e produzione bandiere e pennoni","description":"Gadget indossabili. Resolfin produzione e vendita di bandiere e pennoni di alta qualit\u00e0.","robots":{"index":"index","follow":"follow","max-snippet":"max-snippet:-1","max-image-preview":"max-image-preview:large","max-video-preview":"max-video-preview:-1"},"canonical":"https:\/\/www.resolfin.com\/en\/wearable-gadget","og_locale":"en_GB","og_type":"article","og_title":"Gadget indossabili - Resolfin: vendita e produzione bandiere e pennoni","og_description":"Gadget indossabili. Resolfin produzione e vendita di bandiere e pennoni di alta qualit\u00e0.","og_url":"https:\/\/www.resolfin.com\/en\/wearable-gadget","og_site_name":"Resolfin: vendita e produzione bandiere e pennoni","article_publisher":"https:\/\/www.facebook.com\/resolfinbandiere\/","article_modified_time":"2025-11-21T14:52:23+00:00","og_image":[{"url":"https:\/\/www.resolfin.com\/wp-content\/uploads\/2025\/07\/348345ier.png","type":"","width":"","height":""}],"twitter_card":"summary_large_image","twitter_site":"@resolfin_","twitter_misc":{"Estimated reading time":"1 minute"},"schema":{"@context":"https:\/\/schema.org","@graph":[{"@type":"WebPage","@id":"https:\/\/www.resolfin.com\/gadget-indossabili","url":"https:\/\/www.resolfin.com\/gadget-indossabili","name":"Gadget indossabili - Resolfin: vendita e produzione bandiere e pennoni","isPartOf":{"@id":"https:\/\/www.resolfin.com\/#website"},"primaryImageOfPage":{"@id":"https:\/\/www.resolfin.com\/gadget-indossabili#primaryimage"},"image":{"@id":"https:\/\/www.resolfin.com\/gadget-indossabili#primaryimage"},"thumbnailUrl":"https:\/\/www.resolfin.com\/wp-content\/uploads\/2025\/07\/348345ier.png","datePublished":"2025-07-07T09:43:16+00:00","dateModified":"2025-11-21T14:52:23+00:00","description":"Gadget indossabili. Resolfin produzione e vendita di bandiere e pennoni di alta qualit\u00e0.","breadcrumb":{"@id":"https:\/\/www.resolfin.com\/gadget-indossabili#breadcrumb"},"inLanguage":"en-GB","potentialAction":[{"@type":"ReadAction","target":["https:\/\/www.resolfin.com\/gadget-indossabili"]}]},{"@type":"ImageObject","inLanguage":"en-GB","@id":"https:\/\/www.resolfin.com\/gadget-indossabili#primaryimage","url":"https:\/\/www.resolfin.com\/wp-content\/uploads\/2025\/07\/348345ier.png","contentUrl":"https:\/\/www.resolfin.com\/wp-content\/uploads\/2025\/07\/348345ier.png"},{"@type":"BreadcrumbList","@id":"https:\/\/www.resolfin.com\/gadget-indossabili#breadcrumb","itemListElement":[{"@type":"ListItem","position":1,"name":"Home","item":"https:\/\/www.resolfin.com\/"},{"@type":"ListItem","position":2,"name":"Gadget indossabili"}]},{"@type":"WebSite","@id":"https:\/\/www.resolfin.com\/#website","url":"https:\/\/www.resolfin.com\/","name":"Resolfin: production and sales of flags and flagpoles","description":"vendita e produzione bandiere e pennoni","publisher":{"@id":"https:\/\/www.resolfin.com\/#organization"},"potentialAction":[{"@type":"SearchAction","target":{"@type":"EntryPoint","urlTemplate":"https:\/\/www.resolfin.com\/?s={search_term_string}"},"query-input":{"@type":"PropertyValueSpecification","valueRequired":true,"valueName":"search_term_string"}}],"inLanguage":"en-GB"},{"@type":"Organization","@id":"https:\/\/www.resolfin.com\/#organization","name":"Resolfin produzione bandiere","url":"https:\/\/www.resolfin.com\/","logo":{"@type":"ImageObject","inLanguage":"en-GB","@id":"https:\/\/www.resolfin.com\/#\/schema\/logo\/image\/","url":"https:\/\/www.resolfin.com\/wp-content\/uploads\/2025\/06\/Logo-nuovo-trasparente-head.png","contentUrl":"https:\/\/www.resolfin.com\/wp-content\/uploads\/2025\/06\/Logo-nuovo-trasparente-head.png","width":479,"height":142,"caption":"Resolfin produzione bandiere"},"image":{"@id":"https:\/\/www.resolfin.com\/#\/schema\/logo\/image\/"},"sameAs":["https:\/\/www.facebook.com\/resolfinbandiere\/","https:\/\/x.com\/resolfin_","https:\/\/www.instagram.com\/resolfin_bandiere\/","https:\/\/www.linkedin.com\/company\/resolfin-srl"]}]}},"_links":{"self":[{"href":"https:\/\/www.resolfin.com\/en\/wp-json\/wp\/v2\/pages\/114483","targetHints":{"allow":["GET"]}}],"collection":[{"href":"https:\/\/www.resolfin.com\/en\/wp-json\/wp\/v2\/pages"}],"about":[{"href":"https:\/\/www.resolfin.com\/en\/wp-json\/wp\/v2\/types\/page"}],"author":[{"embeddable":true,"href":"https:\/\/www.resolfin.com\/en\/wp-json\/wp\/v2\/users\/1"}],"replies":[{"embeddable":true,"href":"https:\/\/www.resolfin.com\/en\/wp-json\/wp\/v2\/comments?post=114483"}],"version-history":[{"count":17,"href":"https:\/\/www.resolfin.com\/en\/wp-json\/wp\/v2\/pages\/114483\/revisions"}],"predecessor-version":[{"id":116791,"href":"https:\/\/www.resolfin.com\/en\/wp-json\/wp\/v2\/pages\/114483\/revisions\/116791"}],"wp:attachment":[{"href":"https:\/\/www.resolfin.com\/en\/wp-json\/wp\/v2\/media?parent=114483"}],"curies":[{"name":"wp","href":"https:\/\/api.w.org\/{rel}","templated":true}]}}